{"id":303,"date":"2022-05-26T11:42:58","date_gmt":"2022-05-26T09:42:58","guid":{"rendered":"https:\/\/www.jlfavre.ch\/cuisine\/?page_id=303"},"modified":"2024-08-07T19:14:11","modified_gmt":"2024-08-07T17:14:11","slug":"bienvenue-dans-mon-univers-gourmand","status":"publish","type":"page","link":"https:\/\/www.jlfavre.ch\/cuisine\/","title":{"rendered":"<strong>Bienvenue dans mon univers gourmand&#8230;<\/strong>"},"content":{"rendered":"\n<p class=\"has-drop-cap\">A l&rsquo;origine de ce recueil de recettes,  je voulais transmettre \u00e0 mes fils quelques unes des recettes qu&rsquo;ils aimaient quand ils \u00e9taient gosses, dont plusieurs me venaient de ma maman. Dans un deuxi\u00e8me temps, j&rsquo;ai gliss\u00e9 vers une sorte de \u00ab\u00a0best of\u00a0\u00bb de mes recettes, en ajoutant m\u00eame des d\u00e9couvertes qui ne figuraient pas dans mes bagages d&rsquo;origine.<\/p>\n\n\n\n<p>Le r\u00e9sultat est un m\u00e9lange assez h\u00e9t\u00e9roclite qui \u00e9volue au fil de mes d\u00e9couvertes et de mes souvenirs, mais c&rsquo;est toujours moi dans ma cuisine,  et les plats que j&rsquo;aime r\u00e9aliser pour la famille ou les amis.<\/p>\n\n\n\n<p>Puissiez-vous y trouver un peu d&rsquo;inspiration et  beaucoup de plaisir, \u00e0 cuisiner et surtout \u00e0 partager.<\/p>\n\n\n\n<p><\/p>\n\n\n\n<p><\/p>\n\n\n\n<p><\/p>\n\n\n\n<p><\/p>\n\n\n\n<p><\/p>\n\n\n\n<p><\/p>\n\n\n\n<p><\/p>\n","protected":false},"excerpt":{"rendered":"<p>A l&rsquo;origine de ce recueil de recettes, je voulais transmettre \u00e0 mes fils quelques unes des recettes qu&rsquo;ils aimaient quand ils \u00e9taient gosses, dont plusieurs me venaient de ma maman. Dans un deuxi\u00e8me temps, j&rsquo;ai gliss\u00e9 vers une sorte de \u00ab\u00a0best of\u00a0\u00bb de mes recettes, en ajoutant m\u00eame des d\u00e9couvertes qui ne figuraient pas dans [&hellip;]<\/p>\n","protected":false},"author":1,"featured_media":0,"parent":0,"menu_order":0,"comment_status":"closed","ping_status":"closed","template":"","meta":{"footnotes":""},"class_list":["post-303","page","type-page","status-publish","hentry"],"_links":{"self":[{"href":"https:\/\/www.jlfavre.ch\/cuisine\/wp-json\/wp\/v2\/pages\/303","targetHints":{"allow":["GET"]}}],"collection":[{"href":"https:\/\/www.jlfavre.ch\/cuisine\/wp-json\/wp\/v2\/pages"}],"about":[{"href":"https:\/\/www.jlfavre.ch\/cuisine\/wp-json\/wp\/v2\/types\/page"}],"author":[{"embeddable":true,"href":"https:\/\/www.jlfavre.ch\/cuisine\/wp-json\/wp\/v2\/users\/1"}],"replies":[{"embeddable":true,"href":"https:\/\/www.jlfavre.ch\/cuisine\/wp-json\/wp\/v2\/comments?post=303"}],"version-history":[{"count":5,"href":"https:\/\/www.jlfavre.ch\/cuisine\/wp-json\/wp\/v2\/pages\/303\/revisions"}],"predecessor-version":[{"id":685,"href":"https:\/\/www.jlfavre.ch\/cuisine\/wp-json\/wp\/v2\/pages\/303\/revisions\/685"}],"wp:attachment":[{"href":"https:\/\/www.jlfavre.ch\/cuisine\/wp-json\/wp\/v2\/media?parent=303"}],"curies":[{"name":"wp","href":"https:\/\/api.w.org\/{rel}","templated":true}]}}